{"id":14,"date":"2026-02-10T10:23:34","date_gmt":"2026-02-10T15:23:34","guid":{"rendered":"https:\/\/ostamand.dectim.ca\/tp2\/piafs\/?page_id=14"},"modified":"2026-05-08T14:32:22","modified_gmt":"2026-05-08T18:32:22","slug":"a-propos","status":"publish","type":"page","link":"https:\/\/ostamand.dectim.ca\/tp2\/piafs\/a-propos\/","title":{"rendered":"\u00c0 Propos"},"content":{"rendered":"\n<div class=\"wp-block-cover alignfull\" style=\"min-height:80vh;aspect-ratio:unset;\"><img fetchpriority=\"high\" decoding=\"async\" width=\"1920\" height=\"1298\" class=\"wp-block-cover__image-background wp-image-299 size-full\" alt=\"\" src=\"https:\/\/ostamand.dectim.ca\/tp2\/piafs\/wp-content\/uploads\/2026\/02\/jakob-owens-CiUR8zISX60-unsplash.jpg\" data-object-fit=\"cover\" srcset=\"https:\/\/ostamand.dectim.ca\/tp2\/piafs\/wp-content\/uploads\/2026\/02\/jakob-owens-CiUR8zISX60-unsplash.jpg 1920w, https:\/\/ostamand.dectim.ca\/tp2\/piafs\/wp-content\/uploads\/2026\/02\/jakob-owens-CiUR8zISX60-unsplash-300x203.jpg 300w, https:\/\/ostamand.dectim.ca\/tp2\/piafs\/wp-content\/uploads\/2026\/02\/jakob-owens-CiUR8zISX60-unsplash-1024x692.jpg 1024w, https:\/\/ostamand.dectim.ca\/tp2\/piafs\/wp-content\/uploads\/2026\/02\/jakob-owens-CiUR8zISX60-unsplash-768x519.jpg 768w, https:\/\/ostamand.dectim.ca\/tp2\/piafs\/wp-content\/uploads\/2026\/02\/jakob-owens-CiUR8zISX60-unsplash-1536x1038.jpg 1536w, https:\/\/ostamand.dectim.ca\/tp2\/piafs\/wp-content\/uploads\/2026\/02\/jakob-owens-CiUR8zISX60-unsplash-500x338.jpg 500w, https:\/\/ostamand.dectim.ca\/tp2\/piafs\/wp-content\/uploads\/2026\/02\/jakob-owens-CiUR8zISX60-unsplash-800x541.jpg 800w, https:\/\/ostamand.dectim.ca\/tp2\/piafs\/wp-content\/uploads\/2026\/02\/jakob-owens-CiUR8zISX60-unsplash-1280x865.jpg 1280w\" sizes=\"(max-width: 1920px) 100vw, 1920px\" \/><span aria-hidden=\"true\" class=\"wp-block-cover__background has-ast-global-color-8-background-color has-background-dim-70 has-background-dim\"><\/span><div class=\"wp-block-cover__inner-container is-layout-flow wp-block-cover-is-layout-flow\">\n<h1 class=\"wp-block-heading has-text-align-center animated fadeIn has-text-color has-link-color wp-elements-f7e9613f938ea5caa043571609d3f9c4\" style=\"color:#93c85e\">\u00c0 Propos<\/h1>\n<\/div><\/div>\n\n\n\n<div class=\"wp-block-cover alignfull ticss-dd840a33\" style=\"padding-right:50px;padding-left:50px;min-height:1405px;aspect-ratio:unset;\"><span aria-hidden=\"true\" class=\"wp-block-cover__background has-black-background-color has-background-dim-100 has-background-dim\"><\/span><div class=\"wp-block-cover__inner-container is-layout-constrained wp-container-core-cover-is-layout-57c1633a wp-block-cover-is-layout-constrained\">\n<div class=\"wp-block-group ticss-19e09af7 has-ast-global-color-8-background-color has-background is-layout-constrained wp-container-core-group-is-layout-17ae9a2f wp-block-group-is-layout-constrained\" style=\"padding-top:var(--wp--preset--spacing--60);padding-right:50px;padding-bottom:var(--wp--preset--spacing--60);padding-left:50px\">\n<div class=\"wp-block-group is-nowrap is-layout-flex wp-container-core-group-is-layout-24e2d96b wp-block-group-is-layout-flex\" style=\"margin-top:0;padding-top:50px;padding-bottom:50px\">\n<div class=\"wp-block-group is-layout-constrained wp-block-group-is-layout-constrained\">\n<h2 class=\"wp-block-heading animated fadeIn has-text-color has-link-color wp-elements-eeb9437b9e94da5a44e37d55a0af1caa\" style=\"color:#93c85e\">Notre histoire<\/h2>\n\n\n\n<p class=\"has-text-align-left animated fadeInDown\">Cr\u00e9animage, entreprise qu\u00e9b\u00e9coise, a commenc\u00e9e par un groupe de trois personnes travaillant sur des projets personnels.<\/p>\n\n\n\n<p class=\"has-text-align-left animated fadeInDown delay-100ms\">Mais au fil du temps, l&rsquo;entreprise \u00e0 continu\u00e9 \u00e0 cro\u00eetre financi\u00e8rement. L&rsquo;agrandissement a permis \u00e0 l\u2019\u00e9quipe d\u2019acc\u00e9der \u00e0 des fins de productions plus avanc\u00e9s, comme la mod\u00e9lisation 3D et le rendement d\u2019effets sp\u00e9ciaux pour les fonds verts.<\/p>\n<\/div>\n\n\n\n<figure class=\"wp-block-image size-large\"><img decoding=\"async\" width=\"1024\" height=\"616\" src=\"https:\/\/ostamand.dectim.ca\/tp2\/piafs\/wp-content\/uploads\/2026\/05\/ronaldcandonga-job-5382501-1024x616.jpg\" alt=\"\" class=\"wp-image-1516\" srcset=\"https:\/\/ostamand.dectim.ca\/tp2\/piafs\/wp-content\/uploads\/2026\/05\/ronaldcandonga-job-5382501-1024x616.jpg 1024w, https:\/\/ostamand.dectim.ca\/tp2\/piafs\/wp-content\/uploads\/2026\/05\/ronaldcandonga-job-5382501-300x181.jpg 300w, https:\/\/ostamand.dectim.ca\/tp2\/piafs\/wp-content\/uploads\/2026\/05\/ronaldcandonga-job-5382501-768x462.jpg 768w, https:\/\/ostamand.dectim.ca\/tp2\/piafs\/wp-content\/uploads\/2026\/05\/ronaldcandonga-job-5382501-1536x925.jpg 1536w, https:\/\/ostamand.dectim.ca\/tp2\/piafs\/wp-content\/uploads\/2026\/05\/ronaldcandonga-job-5382501-2048x1233.jpg 2048w, https:\/\/ostamand.dectim.ca\/tp2\/piafs\/wp-content\/uploads\/2026\/05\/ronaldcandonga-job-5382501-500x301.jpg 500w, https:\/\/ostamand.dectim.ca\/tp2\/piafs\/wp-content\/uploads\/2026\/05\/ronaldcandonga-job-5382501-800x482.jpg 800w, https:\/\/ostamand.dectim.ca\/tp2\/piafs\/wp-content\/uploads\/2026\/05\/ronaldcandonga-job-5382501-1280x771.jpg 1280w, https:\/\/ostamand.dectim.ca\/tp2\/piafs\/wp-content\/uploads\/2026\/05\/ronaldcandonga-job-5382501-1920x1156.jpg 1920w\" sizes=\"(max-width: 1024px) 100vw, 1024px\" \/><\/figure>\n<\/div>\n\n\n\n<div class=\"wp-block-group is-layout-constrained wp-container-core-group-is-layout-14adacc0 wp-block-group-is-layout-constrained\" style=\"border-top-width:3px;border-bottom-width:3px;padding-top:50px;padding-right:0px;padding-bottom:50px;padding-left:0px\">\n<h2 class=\"wp-block-heading has-text-align-center has-text-color has-link-color wp-elements-09f9b7bce1d3a645803aa5599971a399\" style=\"color:#93c85e;margin-bottom:var(--wp--preset--spacing--50)\">Nos valeurs<\/h2>\n\n\n\n<p class=\"has-text-align-center animated backInUp\" style=\"padding-right:150px;padding-left:150px\">Ici, nos valeurs nous permet de toujours pousser de l&rsquo;avant, il y a une opportunit\u00e9 de trouver un \u00e9l\u00e9ment de plus qui permet au r\u00e9sultat final de pousser plus loin:<\/p>\n\n\n\n<div class=\"wp-block-group is-content-justification-center is-nowrap is-layout-flex wp-container-core-group-is-layout-fadbfa84 wp-block-group-is-layout-flex\" style=\"padding-top:20px;padding-bottom:20px\">\n<h3 class=\"wp-block-heading has-text-align-center animated flipInX delay-500ms has-ast-global-color-4-color has-text-color has-link-color has-large-font-size wp-elements-9df9e05175ad4dbb1552bb1f32648c2f\" style=\"border-style:none;border-width:0px;border-top-left-radius:4px;border-top-right-radius:4px;border-bottom-left-radius:4px;border-bottom-right-radius:4px;padding-top:var(--wp--preset--spacing--20);padding-right:var(--wp--preset--spacing--70);padding-bottom:var(--wp--preset--spacing--20);padding-left:var(--wp--preset--spacing--70)\"><strong><em>Cr\u00e9ativit\u00e9<\/em><\/strong><\/h3>\n\n\n\n<h3 class=\"wp-block-heading has-text-align-center animated flipInX delay-500ms has-text-color has-link-color has-large-font-size wp-elements-24a6b14644aa9bae31ef41d706194b84\" style=\"border-style:none;border-width:0px;border-top-left-radius:0px;border-top-right-radius:0px;border-bottom-left-radius:0px;border-bottom-right-radius:0px;color:#f2fff2;padding-top:var(--wp--preset--spacing--20);padding-right:var(--wp--preset--spacing--70);padding-bottom:var(--wp--preset--spacing--20);padding-left:var(--wp--preset--spacing--70)\"><strong><em>D\u00e9termination<\/em><\/strong><\/h3>\n\n\n\n<h3 class=\"wp-block-heading has-text-align-center animated flipInX delay-500ms has-text-color has-link-color has-large-font-size wp-elements-c05cf88e0acb0228bbb9b7a033a55531\" style=\"border-style:none;border-width:0px;border-top-left-radius:0px;border-top-right-radius:0px;border-bottom-left-radius:0px;border-bottom-right-radius:0px;color:#f2fff2;padding-top:var(--wp--preset--spacing--20);padding-right:var(--wp--preset--spacing--70);padding-bottom:var(--wp--preset--spacing--20);padding-left:var(--wp--preset--spacing--70)\"><strong><em>Courage<\/em><\/strong><\/h3>\n<\/div>\n<\/div>\n\n\n\n<div class=\"wp-block-group alignfull is-layout-constrained wp-block-group-is-layout-constrained\">\n<h2 class=\"wp-block-heading has-text-align-center animated fadeIn has-text-color has-link-color wp-elements-c2185b4d2adf85b1ae1da0d4a3666146\" style=\"color:#93c85e;padding-top:var(--wp--preset--spacing--60);padding-bottom:0\">Vous voulez voir plus?<\/h2>\n\n\n\n<p class=\"has-text-align-center animated fadeIn\" style=\"margin-right:0;margin-left:0;padding-right:var(--wp--preset--spacing--70);padding-left:var(--wp--preset--spacing--70)\">Si vous \u00eates int\u00e9ress\u00e9 par nos valeurs, voici certaines cr\u00e9ations de notre portfolio sur le montage vid\u00e9o et sur certains mod\u00e8les 3D con\u00e7us ici \u00e0 Cr\u00e9animage<\/p>\n\n\n\n<div class=\"wp-block-buttons alignfull is-content-justification-center is-layout-flex wp-container-core-buttons-is-layout-a89b3969 wp-block-buttons-is-layout-flex\">\n<div class=\"wp-block-button\"><a class=\"wp-block-button__link wp-element-button\" href=\"https:\/\/ostamand.dectim.ca\/tp2\/piafs\/portfolio\/\">VOIR PLUS<\/a><\/div>\n<\/div>\n<\/div>\n<\/div>\n<\/div><\/div>\n\n\n\n<p><\/p>\n","protected":false},"excerpt":{"rendered":"","protected":false},"author":3,"featured_media":0,"parent":0,"menu_order":0,"comment_status":"closed","ping_status":"closed","template":"","meta":{"_acf_changed":false,"site-sidebar-layout":"default","site-content-layout":"","ast-site-content-layout":"default","site-content-style":"default","site-sidebar-style":"default","ast-global-header-display":"","ast-banner-title-visibility":"","ast-main-header-display":"","ast-hfb-above-header-display":"","ast-hfb-below-header-display":"","ast-hfb-mobile-header-display":"","site-post-title":"disabled","ast-breadcrumbs-content":"","ast-featured-img":"","footer-sml-layout":"","ast-disable-related-posts":"","theme-transparent-header-meta":"","adv-header-id-meta":"","stick-header-meta":"","header-above-stick-meta":"","header-main-stick-meta":"","header-below-stick-meta":"","astra-migrate-meta-layouts":"default","ast-page-background-enabled":"default","ast-page-background-meta":{"desktop":{"background-color":"var(--ast-global-color-5)","background-image":"","background-repeat":"repeat","background-position":"center center","background-size":"auto","background-attachment":"scroll","background-type":"","background-media":"","overlay-type":"","overlay-color":"","overlay-opacity":"","overlay-gradient":""},"tablet":{"background-color":"","background-image":"","background-repeat":"repeat","background-position":"center center","background-size":"auto","background-attachment":"scroll","background-type":"","background-media":"","overlay-type":"","overlay-color":"","overlay-opacity":"","overlay-gradient":""},"mobile":{"background-color":"","background-image":"","background-repeat":"repeat","background-position":"center center","background-size":"auto","background-attachment":"scroll","background-type":"","background-media":"","overlay-type":"","overlay-color":"","overlay-opacity":"","overlay-gradient":""}},"ast-content-background-meta":{"desktop":{"background-color":"var(--ast-global-color-4)","background-image":"","background-repeat":"repeat","background-position":"center center","background-size":"auto","background-attachment":"scroll","background-type":"","background-media":"","overlay-type":"","overlay-color":"","overlay-opacity":"","overlay-gradient":""},"tablet":{"background-color":"var(--ast-global-color-4)","background-image":"","background-repeat":"repeat","background-position":"center center","background-size":"auto","background-attachment":"scroll","background-type":"","background-media":"","overlay-type":"","overlay-color":"","overlay-opacity":"","overlay-gradient":""},"mobile":{"background-color":"var(--ast-global-color-4)","background-image":"","background-repeat":"repeat","background-position":"center center","background-size":"auto","background-attachment":"scroll","background-type":"","background-media":"","overlay-type":"","overlay-color":"","overlay-opacity":"","overlay-gradient":""}},"_themeisle_gutenberg_block_has_review":false,"footnotes":""},"class_list":["post-14","page","type-page","status-publish","hentry"],"acf":[],"_links":{"self":[{"href":"https:\/\/ostamand.dectim.ca\/tp2\/piafs\/wp-json\/wp\/v2\/pages\/14","targetHints":{"allow":["GET"]}}],"collection":[{"href":"https:\/\/ostamand.dectim.ca\/tp2\/piafs\/wp-json\/wp\/v2\/pages"}],"about":[{"href":"https:\/\/ostamand.dectim.ca\/tp2\/piafs\/wp-json\/wp\/v2\/types\/page"}],"author":[{"embeddable":true,"href":"https:\/\/ostamand.dectim.ca\/tp2\/piafs\/wp-json\/wp\/v2\/users\/3"}],"replies":[{"embeddable":true,"href":"https:\/\/ostamand.dectim.ca\/tp2\/piafs\/wp-json\/wp\/v2\/comments?post=14"}],"version-history":[{"count":98,"href":"https:\/\/ostamand.dectim.ca\/tp2\/piafs\/wp-json\/wp\/v2\/pages\/14\/revisions"}],"predecessor-version":[{"id":1562,"href":"https:\/\/ostamand.dectim.ca\/tp2\/piafs\/wp-json\/wp\/v2\/pages\/14\/revisions\/1562"}],"wp:attachment":[{"href":"https:\/\/ostamand.dectim.ca\/tp2\/piafs\/wp-json\/wp\/v2\/media?parent=14"}],"curies":[{"name":"wp","href":"https:\/\/api.w.org\/{rel}","templated":true}]}}