{"id":18,"date":"2026-02-10T10:25:42","date_gmt":"2026-02-10T15:25:42","guid":{"rendered":"https:\/\/ostamand.dectim.ca\/tp2\/piafs\/?page_id=18"},"modified":"2026-05-11T14:15:38","modified_gmt":"2026-05-11T18:15:38","slug":"presentation-generale-de-lequipe","status":"publish","type":"page","link":"https:\/\/ostamand.dectim.ca\/tp2\/piafs\/presentation-generale-de-lequipe\/","title":{"rendered":"Pr\u00e9sentation G\u00e9n\u00e9rale de L&rsquo;\u00c9quipe"},"content":{"rendered":"\n<div class=\"wp-block-cover alignfull\" style=\"min-height:80vh;aspect-ratio:unset;\"><img fetchpriority=\"high\" decoding=\"async\" width=\"1024\" height=\"683\" class=\"wp-block-cover__image-background wp-image-1605 size-large\" alt=\"\" src=\"https:\/\/ostamand.dectim.ca\/tp2\/piafs\/wp-content\/uploads\/2026\/05\/startupstockphotos-laptops-593296-1024x683.jpg\" data-object-fit=\"cover\" srcset=\"https:\/\/ostamand.dectim.ca\/tp2\/piafs\/wp-content\/uploads\/2026\/05\/startupstockphotos-laptops-593296-1024x683.jpg 1024w, https:\/\/ostamand.dectim.ca\/tp2\/piafs\/wp-content\/uploads\/2026\/05\/startupstockphotos-laptops-593296-300x200.jpg 300w, https:\/\/ostamand.dectim.ca\/tp2\/piafs\/wp-content\/uploads\/2026\/05\/startupstockphotos-laptops-593296-768x512.jpg 768w, https:\/\/ostamand.dectim.ca\/tp2\/piafs\/wp-content\/uploads\/2026\/05\/startupstockphotos-laptops-593296-1536x1024.jpg 1536w, https:\/\/ostamand.dectim.ca\/tp2\/piafs\/wp-content\/uploads\/2026\/05\/startupstockphotos-laptops-593296-2048x1365.jpg 2048w, https:\/\/ostamand.dectim.ca\/tp2\/piafs\/wp-content\/uploads\/2026\/05\/startupstockphotos-laptops-593296-500x333.jpg 500w, https:\/\/ostamand.dectim.ca\/tp2\/piafs\/wp-content\/uploads\/2026\/05\/startupstockphotos-laptops-593296-800x533.jpg 800w, https:\/\/ostamand.dectim.ca\/tp2\/piafs\/wp-content\/uploads\/2026\/05\/startupstockphotos-laptops-593296-1280x853.jpg 1280w, https:\/\/ostamand.dectim.ca\/tp2\/piafs\/wp-content\/uploads\/2026\/05\/startupstockphotos-laptops-593296-1920x1280.jpg 1920w\" sizes=\"(max-width: 1024px) 100vw, 1024px\" \/><span aria-hidden=\"true\" class=\"wp-block-cover__background has-black-background-color has-background-dim-60 has-background-dim\"><\/span><div class=\"wp-block-cover__inner-container is-layout-flow wp-block-cover-is-layout-flow\">\n<h2 class=\"wp-block-heading has-text-align-center animated backInDown has-text-color has-link-color wp-elements-639a365c290041e1dba25522854d17de\" style=\"color:#79c75d\">\u00c9quipe Cr\u00e9anImage<\/h2>\n<\/div><\/div>\n\n\n\n<div class=\"wp-block-cover alignfull is-light ticss-40159cfe\" style=\"padding-right:var(--wp--preset--spacing--80);padding-left:var(--wp--preset--spacing--80);min-height:1785px;aspect-ratio:unset;\"><span aria-hidden=\"true\" class=\"wp-block-cover__background has-ast-global-color-8-background-color has-background-dim-40 has-background-dim\"><\/span><div class=\"wp-block-cover__inner-container is-layout-constrained wp-container-core-cover-is-layout-caa2d89a wp-block-cover-is-layout-constrained\">\n<div class=\"wp-block-group ticss-fc805543 has-ast-global-color-8-background-color has-background is-layout-constrained wp-container-core-group-is-layout-505ea544 wp-block-group-is-layout-constrained\" style=\"margin-top:0;margin-bottom:0;padding-top:var(--wp--preset--spacing--70);padding-right:0;padding-bottom:var(--wp--preset--spacing--70);padding-left:0\">\n<div class=\"wp-block-group alignfull is-layout-constrained wp-block-group-is-layout-constrained\" style=\"margin-top:0;margin-bottom:0;padding-bottom:0\">\n<h2 class=\"wp-block-heading has-text-align-center animated backInDown has-text-color has-link-color wp-elements-b0e50f354774788129b9f13e88941118\" style=\"color:#93c85e;padding-bottom:var(--wp--preset--spacing--50)\">Membres de l&rsquo;\u00e9quipe actuel<\/h2>\n\n\n\n<p class=\"has-text-align-center animated fadeInDown delay-200ms\">Voici les personnes talentueuses de Cr\u00e9anImage<\/p>\n<\/div>\n\n\n\n<div class=\"wp-block-group alignfull is-layout-grid wp-container-core-group-is-layout-e42d90b1 wp-block-group-is-layout-grid\" style=\"padding-right:var(--wp--preset--spacing--60);padding-left:var(--wp--preset--spacing--60)\">\n<div class=\"wp-block-group animated fadeInUp o-anim-custom-delay ticss-ab088882 has-black-background-color has-background wp-container-content-574e1f9d is-vertical is-content-justification-center is-layout-flex wp-container-core-group-is-layout-78ab2e29 wp-block-group-is-layout-flex\" style=\"border-top-left-radius:10px;border-top-right-radius:10px;border-bottom-left-radius:10px;border-bottom-right-radius:10px;padding-top:0;padding-right:0;padding-bottom:0;padding-left:0\">\n<figure class=\"wp-block-image size-large wp-container-content-69bc4bdf\"><img decoding=\"async\" width=\"935\" height=\"935\" src=\"https:\/\/ostamand.dectim.ca\/tp2\/piafs\/wp-content\/uploads\/2026\/04\/Media-12-edited-5.jpg\" alt=\"\" class=\"wp-image-1226\" style=\"aspect-ratio:1;object-fit:cover\" srcset=\"https:\/\/ostamand.dectim.ca\/tp2\/piafs\/wp-content\/uploads\/2026\/04\/Media-12-edited-5.jpg 935w, https:\/\/ostamand.dectim.ca\/tp2\/piafs\/wp-content\/uploads\/2026\/04\/Media-12-edited-5-300x300.jpg 300w, https:\/\/ostamand.dectim.ca\/tp2\/piafs\/wp-content\/uploads\/2026\/04\/Media-12-edited-5-150x150.jpg 150w, https:\/\/ostamand.dectim.ca\/tp2\/piafs\/wp-content\/uploads\/2026\/04\/Media-12-edited-5-768x768.jpg 768w, https:\/\/ostamand.dectim.ca\/tp2\/piafs\/wp-content\/uploads\/2026\/04\/Media-12-edited-5-500x500.jpg 500w, https:\/\/ostamand.dectim.ca\/tp2\/piafs\/wp-content\/uploads\/2026\/04\/Media-12-edited-5-800x800.jpg 800w\" sizes=\"(max-width: 935px) 100vw, 935px\" \/><\/figure>\n\n\n\n<div class=\"wp-block-group is-layout-constrained wp-block-group-is-layout-constrained\" style=\"padding-top:0;padding-bottom:var(--wp--preset--spacing--30)\">\n<p class=\"has-text-align-center\" style=\"margin-top:0;margin-bottom:0;padding-top:0;padding-bottom:0;font-size:30px\"><a href=\"https:\/\/ostamand.dectim.ca\/tp2\/piafs\/membre-1\/\" data-type=\"post\" data-id=\"20\">Olivier St-Amand<\/a><\/p>\n\n\n\n<p class=\"has-text-align-center\" style=\"margin-top:0;margin-bottom:0\">Gestionnaire<\/p>\n\n\n\n<div class=\"wp-block-buttons is-content-justification-center is-layout-flex wp-container-core-buttons-is-layout-a89b3969 wp-block-buttons-is-layout-flex\">\n<div class=\"wp-block-button\"><a class=\"wp-block-button__link has-text-align-center wp-element-button\" href=\"https:\/\/ostamand.dectim.ca\/tp2\/piafs\/membre-1\/\">SAVOIR PLUS<\/a><\/div>\n<\/div>\n<\/div>\n<\/div>\n\n\n\n<div class=\"wp-block-group animated fadeInUp delay-100ms has-black-background-color has-background wp-container-content-574e1f9d is-vertical is-content-justification-center is-layout-flex wp-container-core-group-is-layout-ce155fab wp-block-group-is-layout-flex\" style=\"border-top-left-radius:10px;border-top-right-radius:10px;border-bottom-left-radius:10px;border-bottom-right-radius:10px\">\n<figure class=\"wp-block-image size-large wp-container-content-69bc4bdf\"><img decoding=\"async\" width=\"723\" height=\"723\" src=\"https:\/\/ostamand.dectim.ca\/tp2\/piafs\/wp-content\/uploads\/2026\/04\/Media-13-edited.jpg\" alt=\"\" class=\"wp-image-1151\" style=\"aspect-ratio:1;object-fit:cover\" srcset=\"https:\/\/ostamand.dectim.ca\/tp2\/piafs\/wp-content\/uploads\/2026\/04\/Media-13-edited.jpg 723w, https:\/\/ostamand.dectim.ca\/tp2\/piafs\/wp-content\/uploads\/2026\/04\/Media-13-edited-300x300.jpg 300w, https:\/\/ostamand.dectim.ca\/tp2\/piafs\/wp-content\/uploads\/2026\/04\/Media-13-edited-150x150.jpg 150w, https:\/\/ostamand.dectim.ca\/tp2\/piafs\/wp-content\/uploads\/2026\/04\/Media-13-edited-500x500.jpg 500w\" sizes=\"(max-width: 723px) 100vw, 723px\" \/><\/figure>\n\n\n\n<div class=\"wp-block-group is-layout-constrained wp-block-group-is-layout-constrained\" style=\"padding-top:0;padding-bottom:var(--wp--preset--spacing--30)\">\n<p style=\"margin-top:0;margin-bottom:0;font-size:30px\"><a href=\"https:\/\/ostamand.dectim.ca\/tp2\/piafs\/membre-2\/\" data-type=\"post\" data-id=\"22\">Alexia-Daniela Bocioaca<\/a><\/p>\n\n\n\n<p class=\"has-text-align-center\" style=\"margin-top:0;margin-bottom:0\">R\u00e9alisatrice<\/p>\n\n\n\n<div class=\"wp-block-buttons is-content-justification-center is-layout-flex wp-container-core-buttons-is-layout-a89b3969 wp-block-buttons-is-layout-flex\">\n<div class=\"wp-block-button\"><a class=\"wp-block-button__link has-text-align-center wp-element-button\" href=\"https:\/\/ostamand.dectim.ca\/tp2\/piafs\/membre-2\/\">SAVOIR PLUS<\/a><\/div>\n<\/div>\n<\/div>\n<\/div>\n\n\n\n<div class=\"wp-block-group animated fadeInUp delay-200ms has-black-background-color has-background wp-container-content-574e1f9d is-vertical is-content-justification-center is-layout-flex wp-container-core-group-is-layout-ce155fab wp-block-group-is-layout-flex\" style=\"border-top-left-radius:10px;border-top-right-radius:10px;border-bottom-left-radius:10px;border-bottom-right-radius:10px\">\n<figure class=\"wp-block-image size-large wp-container-content-69bc4bdf\"><img loading=\"lazy\" decoding=\"async\" width=\"879\" height=\"1172\" src=\"https:\/\/ostamand.dectim.ca\/tp2\/piafs\/wp-content\/uploads\/2026\/04\/Media-14-edited-1.jpg\" alt=\"\" class=\"wp-image-1156\" style=\"aspect-ratio:1;object-fit:cover\" srcset=\"https:\/\/ostamand.dectim.ca\/tp2\/piafs\/wp-content\/uploads\/2026\/04\/Media-14-edited-1.jpg 879w, https:\/\/ostamand.dectim.ca\/tp2\/piafs\/wp-content\/uploads\/2026\/04\/Media-14-edited-1-225x300.jpg 225w, https:\/\/ostamand.dectim.ca\/tp2\/piafs\/wp-content\/uploads\/2026\/04\/Media-14-edited-1-768x1024.jpg 768w, https:\/\/ostamand.dectim.ca\/tp2\/piafs\/wp-content\/uploads\/2026\/04\/Media-14-edited-1-500x667.jpg 500w, https:\/\/ostamand.dectim.ca\/tp2\/piafs\/wp-content\/uploads\/2026\/04\/Media-14-edited-1-800x1067.jpg 800w\" sizes=\"(max-width: 879px) 100vw, 879px\" \/><\/figure>\n\n\n\n<div class=\"wp-block-group is-layout-constrained wp-block-group-is-layout-constrained\" style=\"padding-bottom:var(--wp--preset--spacing--30)\">\n<p style=\"margin-top:0;margin-bottom:0;font-size:30px\"><a href=\"https:\/\/ostamand.dectim.ca\/tp2\/piafs\/frederc-bilodeau\/\" data-type=\"post\" data-id=\"24\">Fr\u00e9d\u00e9ric Bilodeau<\/a><\/p>\n\n\n\n<p class=\"has-text-align-center\" style=\"margin-top:0;margin-bottom:0\">Modeleur 3D<\/p>\n\n\n\n<div class=\"wp-block-buttons is-content-justification-center is-layout-flex wp-container-core-buttons-is-layout-a89b3969 wp-block-buttons-is-layout-flex\">\n<div class=\"wp-block-button\"><a class=\"wp-block-button__link has-text-align-center wp-element-button\" href=\"https:\/\/ostamand.dectim.ca\/tp2\/piafs\/frederc-bilodeau\/\">SAVOIR PLUS<\/a><\/div>\n<\/div>\n<\/div>\n<\/div>\n\n\n\n<div class=\"wp-block-group animated fadeInUp o-anim-custom-delay undefined o-anim-value-delay-0.3s has-black-background-color has-background wp-container-content-574e1f9d is-vertical is-content-justification-center is-layout-flex wp-container-core-group-is-layout-ce155fab wp-block-group-is-layout-flex\" style=\"border-top-left-radius:10px;border-top-right-radius:10px;border-bottom-left-radius:10px;border-bottom-right-radius:10px\">\n<figure class=\"wp-block-image size-large wp-container-content-69bc4bdf\"><img loading=\"lazy\" decoding=\"async\" width=\"768\" height=\"1024\" src=\"https:\/\/ostamand.dectim.ca\/tp2\/piafs\/wp-content\/uploads\/2026\/04\/shared-sfdimage-768x1024.jpg\" alt=\"\" class=\"wp-image-1222\" style=\"aspect-ratio:1;object-fit:cover\" srcset=\"https:\/\/ostamand.dectim.ca\/tp2\/piafs\/wp-content\/uploads\/2026\/04\/shared-sfdimage-768x1024.jpg 768w, https:\/\/ostamand.dectim.ca\/tp2\/piafs\/wp-content\/uploads\/2026\/04\/shared-sfdimage-225x300.jpg 225w, https:\/\/ostamand.dectim.ca\/tp2\/piafs\/wp-content\/uploads\/2026\/04\/shared-sfdimage-1152x1536.jpg 1152w, https:\/\/ostamand.dectim.ca\/tp2\/piafs\/wp-content\/uploads\/2026\/04\/shared-sfdimage-500x667.jpg 500w, https:\/\/ostamand.dectim.ca\/tp2\/piafs\/wp-content\/uploads\/2026\/04\/shared-sfdimage-800x1067.jpg 800w, https:\/\/ostamand.dectim.ca\/tp2\/piafs\/wp-content\/uploads\/2026\/04\/shared-sfdimage-1280x1707.jpg 1280w, https:\/\/ostamand.dectim.ca\/tp2\/piafs\/wp-content\/uploads\/2026\/04\/shared-sfdimage.jpg 1512w\" sizes=\"(max-width: 768px) 100vw, 768px\" \/><\/figure>\n\n\n\n<div class=\"wp-block-group is-layout-constrained wp-block-group-is-layout-constrained\" style=\"padding-bottom:var(--wp--preset--spacing--30)\">\n<p class=\"has-text-align-center\" style=\"margin-top:0;margin-bottom:0;font-size:30px\"><a href=\"https:\/\/ostamand.dectim.ca\/tp2\/piafs\/leonie-bravard\/\" data-type=\"post\" data-id=\"26\">L\u00e9onie Bravard<\/a><\/p>\n\n\n\n<p class=\"has-text-align-center\" style=\"margin-top:0;margin-bottom:0\">Technicienne Vid\u00e9o<\/p>\n\n\n\n<div class=\"wp-block-buttons is-content-justification-center is-layout-flex wp-container-core-buttons-is-layout-a89b3969 wp-block-buttons-is-layout-flex\">\n<div class=\"wp-block-button\"><a class=\"wp-block-button__link has-text-align-center wp-element-button\" href=\"https:\/\/ostamand.dectim.ca\/tp2\/piafs\/leonie-bravard\/\">SAVOIR PLUS<\/a><\/div>\n<\/div>\n<\/div>\n<\/div>\n\n\n\n<div class=\"wp-block-group animated fadeInUp o-anim-custom-delay undefined o-anim-value-delay-0.4s has-black-background-color has-background wp-container-content-574e1f9d is-vertical is-content-justification-center is-layout-flex wp-container-core-group-is-layout-ce155fab wp-block-group-is-layout-flex\" style=\"border-top-left-radius:10px;border-top-right-radius:10px;border-bottom-left-radius:10px;border-bottom-right-radius:10px\">\n<figure class=\"wp-block-image size-full wp-container-content-69bc4bdf\"><img loading=\"lazy\" decoding=\"async\" width=\"600\" height=\"800\" src=\"https:\/\/ostamand.dectim.ca\/tp2\/piafs\/wp-content\/uploads\/2026\/02\/Media-2.jpg\" alt=\"\" class=\"wp-image-1131\" style=\"aspect-ratio:1;object-fit:cover\" srcset=\"https:\/\/ostamand.dectim.ca\/tp2\/piafs\/wp-content\/uploads\/2026\/02\/Media-2.jpg 600w, https:\/\/ostamand.dectim.ca\/tp2\/piafs\/wp-content\/uploads\/2026\/02\/Media-2-225x300.jpg 225w, https:\/\/ostamand.dectim.ca\/tp2\/piafs\/wp-content\/uploads\/2026\/02\/Media-2-500x667.jpg 500w\" sizes=\"(max-width: 600px) 100vw, 600px\" \/><\/figure>\n\n\n\n<div class=\"wp-block-group is-layout-constrained wp-block-group-is-layout-constrained\" style=\"padding-bottom:var(--wp--preset--spacing--30)\">\n<p class=\"has-text-align-center\" style=\"margin-top:0;margin-bottom:0;font-size:30px\"><a href=\"https:\/\/ostamand.dectim.ca\/tp2\/piafs\/felix-lavale\/\" data-type=\"post\" data-id=\"28\">F\u00e9lix Laval\u00e9<\/a><\/p>\n\n\n\n<p class=\"has-text-align-center\" style=\"margin-top:0;margin-bottom:0\">Artiste 3D<\/p>\n\n\n\n<div class=\"wp-block-buttons is-content-justification-center is-layout-flex wp-container-core-buttons-is-layout-a89b3969 wp-block-buttons-is-layout-flex\">\n<div class=\"wp-block-button\"><a class=\"wp-block-button__link has-text-align-center wp-element-button\" href=\"https:\/\/ostamand.dectim.ca\/tp2\/piafs\/felix-lavale\/\">SAVOIR PLUS<\/a><\/div>\n<\/div>\n<\/div>\n<\/div>\n\n\n\n<div class=\"wp-block-group animated fadeInUp delay-500ms has-black-background-color has-background wp-container-content-574e1f9d is-vertical is-content-justification-center is-layout-flex wp-container-core-group-is-layout-ce155fab wp-block-group-is-layout-flex\" style=\"border-top-left-radius:10px;border-top-right-radius:10px;border-bottom-left-radius:10px;border-bottom-right-radius:10px\">\n<figure class=\"wp-block-image size-full wp-container-content-69bc4bdf\"><img loading=\"lazy\" decoding=\"async\" width=\"600\" height=\"800\" src=\"https:\/\/ostamand.dectim.ca\/tp2\/piafs\/wp-content\/uploads\/2026\/04\/shared-image.jpg\" alt=\"\" class=\"wp-image-1223\" style=\"aspect-ratio:1;object-fit:cover\" srcset=\"https:\/\/ostamand.dectim.ca\/tp2\/piafs\/wp-content\/uploads\/2026\/04\/shared-image.jpg 600w, https:\/\/ostamand.dectim.ca\/tp2\/piafs\/wp-content\/uploads\/2026\/04\/shared-image-225x300.jpg 225w, https:\/\/ostamand.dectim.ca\/tp2\/piafs\/wp-content\/uploads\/2026\/04\/shared-image-500x667.jpg 500w, https:\/\/ostamand.dectim.ca\/tp2\/piafs\/wp-content\/uploads\/2026\/04\/shared-image-300x400.jpg 300w\" sizes=\"(max-width: 600px) 100vw, 600px\" \/><\/figure>\n\n\n\n<div class=\"wp-block-group is-layout-constrained wp-block-group-is-layout-constrained\" style=\"padding-bottom:var(--wp--preset--spacing--30)\">\n<p class=\"has-text-align-center\" style=\"margin-top:0;margin-bottom:0;font-size:30px\"><a href=\"https:\/\/ostamand.dectim.ca\/tp2\/piafs\/hugo-legault\/\" data-type=\"post\" data-id=\"30\">Hugo Legault<\/a><\/p>\n\n\n\n<p class=\"has-text-align-center\" style=\"margin-top:0;margin-bottom:0\">Technicien \u00e9quipement<\/p>\n\n\n\n<div class=\"wp-block-buttons is-content-justification-center is-layout-flex wp-container-core-buttons-is-layout-a89b3969 wp-block-buttons-is-layout-flex\">\n<div class=\"wp-block-button\"><a class=\"wp-block-button__link has-text-align-center wp-element-button\" href=\"https:\/\/ostamand.dectim.ca\/tp2\/piafs\/hugo-legault\/\">SAVOIR PLUS<\/a><\/div>\n<\/div>\n<\/div>\n<\/div>\n<\/div>\n<\/div>\n<\/div><\/div>\n\n\n\n<p><\/p>\n","protected":false},"excerpt":{"rendered":"","protected":false},"author":3,"featured_media":0,"parent":0,"menu_order":0,"comment_status":"closed","ping_status":"closed","template":"","meta":{"_acf_changed":false,"site-sidebar-layout":"default","site-content-layout":"","ast-site-content-layout":"default","site-content-style":"default","site-sidebar-style":"default","ast-global-header-display":"","ast-banner-title-visibility":"","ast-main-header-display":"","ast-hfb-above-header-display":"","ast-hfb-below-header-display":"","ast-hfb-mobile-header-display":"","site-post-title":"disabled","ast-breadcrumbs-content":"","ast-featured-img":"","footer-sml-layout":"","ast-disable-related-posts":"","theme-transparent-header-meta":"","adv-header-id-meta":"","stick-header-meta":"","header-above-stick-meta":"","header-main-stick-meta":"","header-below-stick-meta":"","astra-migrate-meta-layouts":"default","ast-page-background-enabled":"default","ast-page-background-meta":{"desktop":{"background-color":"var(--ast-global-color-5)","background-image":"","background-repeat":"repeat","background-position":"center center","background-size":"auto","background-attachment":"scroll","background-type":"","background-media":"","overlay-type":"","overlay-color":"","overlay-opacity":"","overlay-gradient":""},"tablet":{"background-color":"","background-image":"","background-repeat":"repeat","background-position":"center center","background-size":"auto","background-attachment":"scroll","background-type":"","background-media":"","overlay-type":"","overlay-color":"","overlay-opacity":"","overlay-gradient":""},"mobile":{"background-color":"","background-image":"","background-repeat":"repeat","background-position":"center center","background-size":"auto","background-attachment":"scroll","background-type":"","background-media":"","overlay-type":"","overlay-color":"","overlay-opacity":"","overlay-gradient":""}},"ast-content-background-meta":{"desktop":{"background-color":"var(--ast-global-color-4)","background-image":"","background-repeat":"repeat","background-position":"center center","background-size":"auto","background-attachment":"scroll","background-type":"","background-media":"","overlay-type":"","overlay-color":"","overlay-opacity":"","overlay-gradient":""},"tablet":{"background-color":"var(--ast-global-color-4)","background-image":"","background-repeat":"repeat","background-position":"center center","background-size":"auto","background-attachment":"scroll","background-type":"","background-media":"","overlay-type":"","overlay-color":"","overlay-opacity":"","overlay-gradient":""},"mobile":{"background-color":"var(--ast-global-color-4)","background-image":"","background-repeat":"repeat","background-position":"center center","background-size":"auto","background-attachment":"scroll","background-type":"","background-media":"","overlay-type":"","overlay-color":"","overlay-opacity":"","overlay-gradient":""}},"_themeisle_gutenberg_block_has_review":false,"footnotes":""},"class_list":["post-18","page","type-page","status-publish","hentry"],"acf":[],"_links":{"self":[{"href":"https:\/\/ostamand.dectim.ca\/tp2\/piafs\/wp-json\/wp\/v2\/pages\/18","targetHints":{"allow":["GET"]}}],"collection":[{"href":"https:\/\/ostamand.dectim.ca\/tp2\/piafs\/wp-json\/wp\/v2\/pages"}],"about":[{"href":"https:\/\/ostamand.dectim.ca\/tp2\/piafs\/wp-json\/wp\/v2\/types\/page"}],"author":[{"embeddable":true,"href":"https:\/\/ostamand.dectim.ca\/tp2\/piafs\/wp-json\/wp\/v2\/users\/3"}],"replies":[{"embeddable":true,"href":"https:\/\/ostamand.dectim.ca\/tp2\/piafs\/wp-json\/wp\/v2\/comments?post=18"}],"version-history":[{"count":148,"href":"https:\/\/ostamand.dectim.ca\/tp2\/piafs\/wp-json\/wp\/v2\/pages\/18\/revisions"}],"predecessor-version":[{"id":1712,"href":"https:\/\/ostamand.dectim.ca\/tp2\/piafs\/wp-json\/wp\/v2\/pages\/18\/revisions\/1712"}],"wp:attachment":[{"href":"https:\/\/ostamand.dectim.ca\/tp2\/piafs\/wp-json\/wp\/v2\/media?parent=18"}],"curies":[{"name":"wp","href":"https:\/\/api.w.org\/{rel}","templated":true}]}}