{"id":32,"date":"2026-02-10T10:38:21","date_gmt":"2026-02-10T15:38:21","guid":{"rendered":"https:\/\/ostamand.dectim.ca\/tp2\/piafs\/?page_id=32"},"modified":"2026-05-12T08:18:35","modified_gmt":"2026-05-12T12:18:35","slug":"presentation-des-services","status":"publish","type":"page","link":"https:\/\/ostamand.dectim.ca\/tp2\/piafs\/presentation-des-services\/","title":{"rendered":"Pr\u00e9sentation des Services"},"content":{"rendered":"\n<div class=\"wp-block-cover alignfull\" style=\"margin-top:0;margin-bottom:0;min-height:80vh;aspect-ratio:unset;\"><img fetchpriority=\"high\" decoding=\"async\" width=\"480\" height=\"270\" class=\"wp-block-cover__image-background wp-image-682 size-full\" alt=\"\" src=\"https:\/\/ostamand.dectim.ca\/tp2\/piafs\/wp-content\/uploads\/2026\/03\/visual-effects-GIF-by-Red-Giant-1.gif\" data-object-fit=\"cover\"\/><span aria-hidden=\"true\" class=\"wp-block-cover__background has-ast-global-color-8-background-color has-background-dim-70 has-background-dim\"><\/span><div class=\"wp-block-cover__inner-container is-layout-flow wp-block-cover-is-layout-flow\">\n<h1 class=\"wp-block-heading has-text-align-center animated fadeIn has-text-color has-link-color wp-elements-5dccb145b4c21f8365e7cd9056020fa4\" style=\"color:#93c85e\">Services<\/h1>\n\n\n<\/div><\/div>\n\n\n\n<div class=\"wp-block-cover alignfull ticss-dd840a33\" style=\"margin-top:0;margin-bottom:0;padding-top:0;padding-right:50px;padding-bottom:0;padding-left:50px;min-height:1613px;aspect-ratio:unset;\"><span aria-hidden=\"true\" class=\"wp-block-cover__background has-black-background-color has-background-dim-100 has-background-dim\"><\/span><div class=\"wp-block-cover__inner-container is-layout-constrained wp-container-core-cover-is-layout-103c3341 wp-block-cover-is-layout-constrained\">\n<div class=\"wp-block-group ticss-a9c9f6c7 has-ast-global-color-8-background-color has-background is-layout-constrained wp-container-core-group-is-layout-282da9c2 wp-block-group-is-layout-constrained\" style=\"margin-top:0;margin-bottom:0;padding-top:var(--wp--preset--spacing--80);padding-right:120px;padding-bottom:var(--wp--preset--spacing--80);padding-left:120px\">\n<div class=\"wp-block-group alignfull is-layout-constrained wp-container-core-group-is-layout-c92c5067 wp-block-group-is-layout-constrained\">\n<h2 class=\"wp-block-heading alignfull has-text-align-center has-text-color has-link-color wp-elements-da46d7a68a7f9b6abae504bd49e45eb6\" id=\"Montage-Video\" style=\"color:#93c85e\">Montage Vid\u00e9o<\/h2>\n\n\n\n<div class=\"wp-block-columns alignfull animated slideInRight is-layout-flex wp-container-core-columns-is-layout-28f84493 wp-block-columns-is-layout-flex\">\n<div class=\"wp-block-column is-layout-flow wp-block-column-is-layout-flow\">\n<figure class=\"wp-block-image size-large\"><img decoding=\"async\" width=\"1708\" height=\"1280\" src=\"https:\/\/ostamand.dectim.ca\/tp2\/piafs\/wp-content\/uploads\/2026\/04\/unlimited-motion-ltd-whDe_UdHzo8-unsplash-edited.jpg\" alt=\"\" class=\"wp-image-1325\" style=\"aspect-ratio:1.3343698190797668\" srcset=\"https:\/\/ostamand.dectim.ca\/tp2\/piafs\/wp-content\/uploads\/2026\/04\/unlimited-motion-ltd-whDe_UdHzo8-unsplash-edited.jpg 1708w, https:\/\/ostamand.dectim.ca\/tp2\/piafs\/wp-content\/uploads\/2026\/04\/unlimited-motion-ltd-whDe_UdHzo8-unsplash-edited-300x225.jpg 300w, https:\/\/ostamand.dectim.ca\/tp2\/piafs\/wp-content\/uploads\/2026\/04\/unlimited-motion-ltd-whDe_UdHzo8-unsplash-edited-1024x767.jpg 1024w, https:\/\/ostamand.dectim.ca\/tp2\/piafs\/wp-content\/uploads\/2026\/04\/unlimited-motion-ltd-whDe_UdHzo8-unsplash-edited-768x576.jpg 768w, https:\/\/ostamand.dectim.ca\/tp2\/piafs\/wp-content\/uploads\/2026\/04\/unlimited-motion-ltd-whDe_UdHzo8-unsplash-edited-1536x1151.jpg 1536w, https:\/\/ostamand.dectim.ca\/tp2\/piafs\/wp-content\/uploads\/2026\/04\/unlimited-motion-ltd-whDe_UdHzo8-unsplash-edited-500x375.jpg 500w, https:\/\/ostamand.dectim.ca\/tp2\/piafs\/wp-content\/uploads\/2026\/04\/unlimited-motion-ltd-whDe_UdHzo8-unsplash-edited-800x600.jpg 800w, https:\/\/ostamand.dectim.ca\/tp2\/piafs\/wp-content\/uploads\/2026\/04\/unlimited-motion-ltd-whDe_UdHzo8-unsplash-edited-1280x959.jpg 1280w\" sizes=\"(max-width: 1708px) 100vw, 1708px\" \/><\/figure>\n<\/div>\n\n\n\n<div class=\"wp-block-column is-layout-flow wp-container-core-column-is-layout-401c6a55 wp-block-column-is-layout-flow\" style=\"padding-top:var(--wp--preset--spacing--80);padding-bottom:var(--wp--preset--spacing--80)\">\n<p class=\"has-text-align-left\" style=\"padding-top:0;padding-right:0;padding-bottom:0;padding-left:0\">Notre service de montage vid\u00e9o aide \u00e0 pouvoir faire un montage imbriqu\u00e9 avec des \u00e9crans verts et des effets sp\u00e9ciaux. Applicable pour des productions de films ou vid\u00e9os professionnelles.<\/p>\n\n\n\n<div class=\"wp-block-buttons alignwide animated fadeInUp is-content-justification-left is-layout-flex wp-container-core-buttons-is-layout-fc4fd283 wp-block-buttons-is-layout-flex\">\n<div class=\"wp-block-button\"><a class=\"wp-block-button__link wp-element-button\" href=\"https:\/\/ostamand.dectim.ca\/tp2\/piafs\/montage-video\/\">UTILISER CE SERVICE<\/a><\/div>\n<\/div>\n<\/div>\n<\/div>\n<\/div>\n\n\n\n<div style=\"height:86px\" aria-hidden=\"true\" class=\"wp-block-spacer\"><\/div>\n\n\n\n<div class=\"wp-block-group alignfull is-layout-constrained wp-container-core-group-is-layout-c92c5067 wp-block-group-is-layout-constrained\">\n<h2 class=\"wp-block-heading alignfull has-text-align-center has-text-color has-link-color wp-elements-e3bda58c21fe2122bc11389d65b00987\" id=\"3D\" style=\"color:#93c85e\">Mod\u00e9lisation 3D<\/h2>\n\n\n\n<div class=\"wp-block-columns alignfull animated slideInRight is-layout-flex wp-container-core-columns-is-layout-28f84493 wp-block-columns-is-layout-flex\">\n<div class=\"wp-block-column is-layout-flow wp-block-column-is-layout-flow\">\n<figure class=\"wp-block-image size-large\"><img decoding=\"async\" width=\"1024\" height=\"576\" src=\"https:\/\/ostamand.dectim.ca\/tp2\/piafs\/wp-content\/uploads\/2026\/05\/Hockey-1024x576.webp\" alt=\"\" class=\"wp-image-1733\" srcset=\"https:\/\/ostamand.dectim.ca\/tp2\/piafs\/wp-content\/uploads\/2026\/05\/Hockey-1024x576.webp 1024w, https:\/\/ostamand.dectim.ca\/tp2\/piafs\/wp-content\/uploads\/2026\/05\/Hockey-300x169.webp 300w, https:\/\/ostamand.dectim.ca\/tp2\/piafs\/wp-content\/uploads\/2026\/05\/Hockey-768x432.webp 768w, https:\/\/ostamand.dectim.ca\/tp2\/piafs\/wp-content\/uploads\/2026\/05\/Hockey-1536x864.webp 1536w, https:\/\/ostamand.dectim.ca\/tp2\/piafs\/wp-content\/uploads\/2026\/05\/Hockey-500x281.webp 500w, https:\/\/ostamand.dectim.ca\/tp2\/piafs\/wp-content\/uploads\/2026\/05\/Hockey-800x450.webp 800w, https:\/\/ostamand.dectim.ca\/tp2\/piafs\/wp-content\/uploads\/2026\/05\/Hockey-1280x720.webp 1280w, https:\/\/ostamand.dectim.ca\/tp2\/piafs\/wp-content\/uploads\/2026\/05\/Hockey.webp 1920w\" sizes=\"(max-width: 1024px) 100vw, 1024px\" \/><\/figure>\n<\/div>\n\n\n\n<div class=\"wp-block-column is-layout-flow wp-container-core-column-is-layout-401c6a55 wp-block-column-is-layout-flow\" style=\"padding-top:var(--wp--preset--spacing--80);padding-bottom:var(--wp--preset--spacing--80)\">\n<p class=\"has-text-align-left\" style=\"padding-right:0;padding-left:0\">Notre service de mod\u00e9lisation 3D aide au clients de faire des mod\u00e8les personnalis\u00e9s et polyvalents pour leurs pr\u00e9f\u00e9rences de rendus. Applicable pour des productions de jeux vid\u00e9os ou mod\u00e8le pour film anim\u00e9s.<br><\/p>\n\n\n\n<div class=\"wp-block-buttons alignwide animated fadeInUp is-content-justification-left is-layout-flex wp-container-core-buttons-is-layout-fc4fd283 wp-block-buttons-is-layout-flex\">\n<div class=\"wp-block-button\"><a class=\"wp-block-button__link wp-element-button\" href=\"https:\/\/ostamand.dectim.ca\/tp2\/piafs\/modelisation-3d\/\">UTILISER CE SERVICE<\/a><\/div>\n<\/div>\n<\/div>\n<\/div>\n<\/div>\n<\/div>\n<\/div><\/div>\n","protected":false},"excerpt":{"rendered":"","protected":false},"author":3,"featured_media":0,"parent":0,"menu_order":0,"comment_status":"closed","ping_status":"closed","template":"","meta":{"_acf_changed":false,"site-sidebar-layout":"default","site-content-layout":"","ast-site-content-layout":"default","site-content-style":"default","site-sidebar-style":"default","ast-global-header-display":"","ast-banner-title-visibility":"","ast-main-header-display":"","ast-hfb-above-header-display":"","ast-hfb-below-header-display":"","ast-hfb-mobile-header-display":"","site-post-title":"disabled","ast-breadcrumbs-content":"","ast-featured-img":"","footer-sml-layout":"","ast-disable-related-posts":"","theme-transparent-header-meta":"","adv-header-id-meta":"","stick-header-meta":"","header-above-stick-meta":"","header-main-stick-meta":"","header-below-stick-meta":"","astra-migrate-meta-layouts":"default","ast-page-background-enabled":"default","ast-page-background-meta":{"desktop":{"background-color":"var(--ast-global-color-5)","background-image":"","background-repeat":"repeat","background-position":"center center","background-size":"auto","background-attachment":"scroll","background-type":"","background-media":"","overlay-type":"","overlay-color":"","overlay-opacity":"","overlay-gradient":""},"tablet":{"background-color":"","background-image":"","background-repeat":"repeat","background-position":"center center","background-size":"auto","background-attachment":"scroll","background-type":"","background-media":"","overlay-type":"","overlay-color":"","overlay-opacity":"","overlay-gradient":""},"mobile":{"background-color":"","background-image":"","background-repeat":"repeat","background-position":"center center","background-size":"auto","background-attachment":"scroll","background-type":"","background-media":"","overlay-type":"","overlay-color":"","overlay-opacity":"","overlay-gradient":""}},"ast-content-background-meta":{"desktop":{"background-color":"var(--ast-global-color-4)","background-image":"","background-repeat":"repeat","background-position":"center center","background-size":"auto","background-attachment":"scroll","background-type":"","background-media":"","overlay-type":"","overlay-color":"","overlay-opacity":"","overlay-gradient":""},"tablet":{"background-color":"var(--ast-global-color-4)","background-image":"","background-repeat":"repeat","background-position":"center center","background-size":"auto","background-attachment":"scroll","background-type":"","background-media":"","overlay-type":"","overlay-color":"","overlay-opacity":"","overlay-gradient":""},"mobile":{"background-color":"var(--ast-global-color-4)","background-image":"","background-repeat":"repeat","background-position":"center center","background-size":"auto","background-attachment":"scroll","background-type":"","background-media":"","overlay-type":"","overlay-color":"","overlay-opacity":"","overlay-gradient":""}},"_themeisle_gutenberg_block_has_review":false,"footnotes":""},"class_list":["post-32","page","type-page","status-publish","hentry"],"acf":[],"_links":{"self":[{"href":"https:\/\/ostamand.dectim.ca\/tp2\/piafs\/wp-json\/wp\/v2\/pages\/32","targetHints":{"allow":["GET"]}}],"collection":[{"href":"https:\/\/ostamand.dectim.ca\/tp2\/piafs\/wp-json\/wp\/v2\/pages"}],"about":[{"href":"https:\/\/ostamand.dectim.ca\/tp2\/piafs\/wp-json\/wp\/v2\/types\/page"}],"author":[{"embeddable":true,"href":"https:\/\/ostamand.dectim.ca\/tp2\/piafs\/wp-json\/wp\/v2\/users\/3"}],"replies":[{"embeddable":true,"href":"https:\/\/ostamand.dectim.ca\/tp2\/piafs\/wp-json\/wp\/v2\/comments?post=32"}],"version-history":[{"count":100,"href":"https:\/\/ostamand.dectim.ca\/tp2\/piafs\/wp-json\/wp\/v2\/pages\/32\/revisions"}],"predecessor-version":[{"id":1746,"href":"https:\/\/ostamand.dectim.ca\/tp2\/piafs\/wp-json\/wp\/v2\/pages\/32\/revisions\/1746"}],"wp:attachment":[{"href":"https:\/\/ostamand.dectim.ca\/tp2\/piafs\/wp-json\/wp\/v2\/media?parent=32"}],"curies":[{"name":"wp","href":"https:\/\/api.w.org\/{rel}","templated":true}]}}